{"id":9995,"date":"2023-08-31T19:15:47","date_gmt":"2023-08-31T18:15:47","guid":{"rendered":"https:\/\/www.soudesecoles-stegreve.fr\/Sou\/?page_id=9995"},"modified":"2025-07-09T19:05:33","modified_gmt":"2025-07-09T18:05:33","slug":"section-echecs-la-diagonale-du-sou","status":"publish","type":"page","link":"http:\/\/www.soudesecoles-stegreve.fr\/Sou\/section-echecs-la-diagonale-du-sou\/","title":{"rendered":"SECTION ECHECS : La diagonale du Sou"},"content":{"rendered":"\n<p>Jouer, apprendre, se perfectionner et se passionner !<\/p>\n\n\n\n<ul><li>Alexandre, agr\u00e9\u00e9 FFE, \u00e9veille \u00e0 observer, \u00e0 comprendre et \u00e0 d\u00e9cider sur 64 cases.<\/li><li>Une p\u00e9dagogie pour le plaisir de jouer et pour faire des progr\u00e8s.<\/li><li>Nombreux tournois individuels, Championnat scolaire par \u00e9quipe.<\/li><li>D\u00e9velopper la concentration, l\u2019observation et l\u2019anticipation.<\/li><li>De 5 \u00e0 15 ans. Tous niveaux. Cours le mercredi 16h30 \u00e0 19h00 (3 groupes), modifiables selon les effectifs (\u00e0 la Maison des associations, \u00e0 cot\u00e9 de la biblioth\u00e8que Barnave)<\/li><\/ul>\n\n\n<p><iframe src=\"https:\/\/www.google.com\/maps\/embed?pb=!1m18!1m12!1m3!1d11236.508259890108!2d5.667891135833522!3d45.2344086515141!2m3!1f0!2f0!3f0!3m2!1i1024!2i768!4f13.1!3m3!1m2!1s0x478af17f8153c6fb%3A0x1f73334d0c52373a!2s1%20Rue%20Casimir%20Brenier%2C%2038120%20Saint-Egr%C3%A8ve!5e0!3m2!1sfr!2sfr!4v1721465180408!5m2!1sfr!2sfr\" width=\"400\" height=\"300\" style=\"border:0;\" allowfullscreen=\"\" loading=\"lazy\" referrerpolicy=\"no-referrer-when-downgrade\"><\/iframe><\/p>\n\n\n\n<ul><li>2 s\u00e9ances d\u2019essai gratuites.<\/li><li>Inscription 132\u20ac + cotisation au sou 8\u20ac (possibilit\u00e9 inscription en cours d\u2019ann\u00e9e)<\/li><\/ul>\n\n\n\n<p> <strong>\u261b Le lien d&rsquo;inscription pour la saison 2025-2026 : <\/strong><br><a href=\"https:\/\/www.helloasso.com\/associations\/sou-des-ecoles-laiques-de-saint-egreve\/adhesions\/inscription-echecs-2025-2026\">https:\/\/www.helloasso.com\/associations\/sou-des-ecoles-laiques-de-saint-egreve\/adhesions\/inscription-echecs-2025-2026<\/a><\/p>\n","protected":false},"excerpt":{"rendered":"<p>Jouer, apprendre, se perfectionner et se passionner ! Alexandre, agr\u00e9\u00e9 FFE, \u00e9veille \u00e0 observer, \u00e0 comprendre et \u00e0 d\u00e9cider sur 64 cases. Une p\u00e9dagogie pour le plaisir de jouer et pour faire des progr\u00e8s. Nombreux tournois individuels, Championnat scolaire par \u00e9quipe. D\u00e9velopper la concentration, l\u2019observation et l\u2019anticipation. De 5 \u00e0 15 ans. Tous niveaux. Cours &hellip; <\/p>\n","protected":false},"author":1,"featured_media":0,"parent":0,"menu_order":0,"comment_status":"closed","ping_status":"closed","template":"","meta":[],"_links":{"self":[{"href":"http:\/\/www.soudesecoles-stegreve.fr\/Sou\/wp-json\/wp\/v2\/pages\/9995"}],"collection":[{"href":"http:\/\/www.soudesecoles-stegreve.fr\/Sou\/wp-json\/wp\/v2\/pages"}],"about":[{"href":"http:\/\/www.soudesecoles-stegreve.fr\/Sou\/wp-json\/wp\/v2\/types\/page"}],"author":[{"embeddable":true,"href":"http:\/\/www.soudesecoles-stegreve.fr\/Sou\/wp-json\/wp\/v2\/users\/1"}],"replies":[{"embeddable":true,"href":"http:\/\/www.soudesecoles-stegreve.fr\/Sou\/wp-json\/wp\/v2\/comments?post=9995"}],"version-history":[{"count":8,"href":"http:\/\/www.soudesecoles-stegreve.fr\/Sou\/wp-json\/wp\/v2\/pages\/9995\/revisions"}],"predecessor-version":[{"id":10295,"href":"http:\/\/www.soudesecoles-stegreve.fr\/Sou\/wp-json\/wp\/v2\/pages\/9995\/revisions\/10295"}],"wp:attachment":[{"href":"http:\/\/www.soudesecoles-stegreve.fr\/Sou\/wp-json\/wp\/v2\/media?parent=9995"}],"curies":[{"name":"wp","href":"https:\/\/api.w.org\/{rel}","templated":true}]}}