{"id":9990,"date":"2023-08-31T19:11:29","date_gmt":"2023-08-31T18:11:29","guid":{"rendered":"https:\/\/www.soudesecoles-stegreve.fr\/Sou\/?page_id=9990"},"modified":"2025-09-03T18:36:16","modified_gmt":"2025-09-03T17:36:16","slug":"section-danse-danse-et-vous","status":"publish","type":"page","link":"http:\/\/www.soudesecoles-stegreve.fr\/Sou\/section-danse-danse-et-vous\/","title":{"rendered":"SECTION DANSE : Danse &#038; Vous"},"content":{"rendered":"\n<h1 class=\"has-text-color\" style=\"color:#00c4ad\">Cours<\/h1>\n\n\n\n<ul><li>Danse Jazz, Eveil, Classique, Contemporaine, Africaine, Street Dance, Pilates.<\/li><li>Enfants \u00e0 partir de 4 ans et adultes.<\/li><\/ul>\n\n\n\n<ul><li>Niveau \u00e9veil, initiation, confirm\u00e9 et technique.<\/li><li>Les cours se d\u00e9roulent \u00e0 l\u2019Espace Robert Fiat et\/ou au pr\u00e9au Barnave. Les professeurs de danse vous proposent un enseignement de qualit\u00e9.<\/li><\/ul>\n\n\n\n<h1 class=\"has-text-color\" style=\"color:#00c4ad\">Enseignement de la danse<\/h1>\n\n\n\n<p>Les cours sont adapt\u00e9s \u00e0 chaque \u00e2ge et tiennent compte des diff\u00e9rents niveaux et des styles de danse. D\u00e8s 4 ans, l\u2019enfant int\u00e8gre un cours d\u2019\u00e9veil afin de d\u00e9couvrir son corps. Il acquiert des rep\u00e8res corporels et commence \u00e0 \u00e9tablir une relation avec la musique et l\u2019espace.<\/p>\n\n\n\n<p>A partir de 6 ans, l\u2019initiation donne \u00e0 l\u2019enfant un acc\u00e8s au langage de la danse. Il peut alors commencer \u00e0 apprendre les bases de la technique tout en affinant ses rep\u00e8res et ses mouvements.<\/p>\n\n\n\n<p><strong>Plus tard, l\u2019enfant peut s\u2019orienter vers diff\u00e9rents styles de danse :<\/strong><\/p>\n\n\n\n<ul><li><strong>La danse classique :<\/strong> qui repose sur deux principes fondamentaux : la technique (placement et \u00e9quilibre) et l\u2019esth\u00e9tique (sensibilit\u00e9, gr\u00e2ce et pr\u00e9sence). C\u2019est avec beaucoup d\u2019efforts, d\u2019attention et de discipline que le danseur acquerra l\u2019harmonie des mouvements.<\/li><li><strong>La danse jazz :<\/strong> perp\u00e9tuel m\u00e9tissage des rythmes, des formes, des genres, des techniques et des styles, elle a recours \u00e0 l\u2019improvisation, le rythme et l\u2019\u00e9nergie qu\u2019elle combine dans un ensemble codifi\u00e9 o\u00f9 chacun peut s\u2019exprimer.<\/li><li><strong>Le Street Dance :<\/strong> ce cours explore toutes les danses actuelles allant du hip-hop \u00e0 la tecktonik en passant par le RnB et le funky.<\/li><li><strong>La danse africaine<\/strong><\/li><\/ul>\n\n\n\n<p><strong>Pour les adultes :<\/strong><\/p>\n\n\n\n<ul><li><strong>La danse contemporaine :<\/strong> la danseuse explorera toutes les possibilit\u00e9s de son corps en mouvement (mati\u00e8res, structures et \u00e9nergies). La danse contemporaine offre une \u00e9coute de soi, de ses ressentis, de ses capacit\u00e9s, de ses d\u00e9sirs et \u00e9motions et elle instaure un dialogue entre le temps, l\u2019espace et la musique.<\/li><li><strong>La danse jazz :<\/strong> l&rsquo;enseignement de cette danse permettra au danseur de s&rsquo;exprimer en rythme en alliant des formes, des genres des techniques et des styles diff\u00e9rents.<\/li><li><strong>La danse africaine<\/strong><\/li><li><strong>La m\u00e9thode Pilates :<\/strong> une m\u00e9thode douce de renforcement musculaire visant \u00e0 renforcer les muscles profonds dans le respect des courbures physiologiques de la colonne vert\u00e9brale.<\/li><\/ul>\n\n\n\n<h1 class=\"has-text-color\" style=\"color:#00c4ad\">Tarifs<\/h1>\n\n\n\n<ul><li>Cours \u00e9veil de 45 mn: 130\u20ac<\/li><li>Danse 1h ou Pilates : 160\u20ac<\/li><li>Danse 1h15 : 185\u20ac<\/li><li>Danse 1h30 : 210\u20ac<\/li><\/ul>\n\n\n\n<p>* Un suppl\u00e9ment hors commune de 5\u20ac est appliqu\u00e9 lors de l&rsquo;achat de la 1\u00e8re carte. Pour l&rsquo;achat de la carte suivante (et pour un m\u00eame cours), le tarif Saint Egr\u00e9vois sera appliqu\u00e9.<\/p>\n\n\n\n<ul><li><strong>Adh\u00e9sion 8\u20ac<\/strong><\/li><\/ul>\n\n\n\n<p>\u261b Lien d&rsquo;inscription : <\/p>\n\n\n\n<p class=\"has-text-color\" style=\"color:#00c4ad\"><a href=\"https:\/\/forms.gle\/WnBMMVbtp2fTA3537\" target=\"_blank\" rel=\"noreferrer noopener\"><strong>https:\/\/forms.gle\/WnBMMVbtp2fTA3537<\/strong><\/a><\/p>\n\n\n\n<p> \u261b Lien HelloAsso pour le paiement : <\/p>\n\n\n\n<p class=\"has-text-color\" style=\"color:#00c4ad\"><strong><a href=\"https:\/\/www.helloasso.com\/associations\/sou-des-ecoles-laiques-de-saint-egreve\/adhesions\/inscription-au-cours-danse-2025-2026\" target=\"_blank\" rel=\"noreferrer noopener\">https:\/\/www.helloasso.com\/associations\/sou-des-ecoles-laiques-de-saint-egreve\/adhesions\/inscription-au-cours-danse-2025-2026<\/a><\/strong><\/p>\n\n\n\n<p><\/p>\n\n\n\n<p>Ici, le <strong><a rel=\"noreferrer noopener\" href=\"http:\/\/www.soudesecoles-stegreve.fr\/Sou\/wp-content\/uploads\/Planning-previsionnel-2025-2026.pdf\" data-type=\"URL\" data-id=\"http:\/\/www.soudesecoles-stegreve.fr\/Sou\/wp-content\/uploads\/Planning-previsionnel-2025-2026.pdf\" target=\"_blank\"><span style=\"text-decoration: underline;\">planning pr\u00e9visionel<\/span><\/a><\/strong> et l\u00e0 <strong><a rel=\"noreferrer noopener\" href=\"http:\/\/www.soudesecoles-stegreve.fr\/Sou\/wp-content\/uploads\/Equivalence-Annee-de-naissanceCours.jpg\" data-type=\"URL\" data-id=\"http:\/\/www.soudesecoles-stegreve.fr\/Sou\/wp-content\/uploads\/Equivalence-Annee-de-naissanceCours.jpg\" target=\"_blank\"><span style=\"text-decoration: underline;\">les \u00e9quivalences \u00e2ge\/niveau<\/span><\/a><\/strong>, notamment pour les cours des plus jeunes.<\/p>\n\n\n\n<p><\/p>\n\n\n\n<p>Reprise des cours de danse la <strong>semaine du 15 septembre<\/strong> !<\/p>\n","protected":false},"excerpt":{"rendered":"<p>Cours Danse Jazz, Eveil, Classique, Contemporaine, Africaine, Street Dance, Pilates. Enfants \u00e0 partir de 4 ans et adultes. Niveau \u00e9veil, initiation, confirm\u00e9 et technique. Les cours se d\u00e9roulent \u00e0 l\u2019Espace Robert Fiat et\/ou au pr\u00e9au Barnave. Les professeurs de danse vous proposent un enseignement de qualit\u00e9. Enseignement de la danse Les cours sont adapt\u00e9s \u00e0 &hellip; <\/p>\n","protected":false},"author":1,"featured_media":9991,"parent":0,"menu_order":0,"comment_status":"closed","ping_status":"closed","template":"","meta":[],"_links":{"self":[{"href":"http:\/\/www.soudesecoles-stegreve.fr\/Sou\/wp-json\/wp\/v2\/pages\/9990"}],"collection":[{"href":"http:\/\/www.soudesecoles-stegreve.fr\/Sou\/wp-json\/wp\/v2\/pages"}],"about":[{"href":"http:\/\/www.soudesecoles-stegreve.fr\/Sou\/wp-json\/wp\/v2\/types\/page"}],"author":[{"embeddable":true,"href":"http:\/\/www.soudesecoles-stegreve.fr\/Sou\/wp-json\/wp\/v2\/users\/1"}],"replies":[{"embeddable":true,"href":"http:\/\/www.soudesecoles-stegreve.fr\/Sou\/wp-json\/wp\/v2\/comments?post=9990"}],"version-history":[{"count":19,"href":"http:\/\/www.soudesecoles-stegreve.fr\/Sou\/wp-json\/wp\/v2\/pages\/9990\/revisions"}],"predecessor-version":[{"id":10320,"href":"http:\/\/www.soudesecoles-stegreve.fr\/Sou\/wp-json\/wp\/v2\/pages\/9990\/revisions\/10320"}],"wp:featuredmedia":[{"embeddable":true,"href":"http:\/\/www.soudesecoles-stegreve.fr\/Sou\/wp-json\/wp\/v2\/media\/9991"}],"wp:attachment":[{"href":"http:\/\/www.soudesecoles-stegreve.fr\/Sou\/wp-json\/wp\/v2\/media?parent=9990"}],"curies":[{"name":"wp","href":"https:\/\/api.w.org\/{rel}","templated":true}]}}