{"id":9513,"date":"2021-08-27T15:29:23","date_gmt":"2021-08-27T14:29:23","guid":{"rendered":"http:\/\/www.soudesecoles-stegreve.fr\/Sou\/?page_id=9513"},"modified":"2025-11-03T17:44:44","modified_gmt":"2025-11-03T16:44:44","slug":"documents-2025-2026","status":"publish","type":"page","link":"http:\/\/www.soudesecoles-stegreve.fr\/Sou\/documents-2025-2026\/","title":{"rendered":"Documents 2025-2026"},"content":{"rendered":"\n<h2>SECTION DANSE : Danse &amp; Vous<\/h2>\n\n\n\n<p>\u261b Lien d&rsquo;inscription : <\/p>\n\n\n\n<p class=\"has-vivid-green-cyan-color has-text-color\"><a href=\"https:\/\/forms.gle\/WnBMMVbtp2fTA3537\" target=\"_blank\" rel=\"noreferrer noopener\"><strong>https:\/\/forms.gle\/WnBMMVbtp2fTA3537<\/strong><\/a><\/p>\n\n\n\n<p> \u261b Lien HelloAsso pour le paiement : <\/p>\n\n\n\n<p class=\"has-vivid-green-cyan-color has-text-color\"><strong><a href=\"https:\/\/www.helloasso.com\/associations\/sou-des-ecoles-laiques-de-saint-egreve\/adhesions\/inscription-au-cours-danse-2025-2026\" target=\"_blank\" rel=\"noreferrer noopener\">https:\/\/www.helloasso.com\/associations\/sou-des-ecoles-laiques-de-saint-egreve\/adhesions\/inscription-au-cours-danse-2025-2026<\/a><\/strong><\/p>\n\n\n\n<p><\/p>\n\n\n\n<p>Ici, le <strong><a rel=\"noreferrer noopener\" href=\"http:\/\/www.soudesecoles-stegreve.fr\/Sou\/wp-content\/uploads\/Planning-previsionnel-2025-2026.pdf\" data-type=\"URL\" data-id=\"http:\/\/www.soudesecoles-stegreve.fr\/Sou\/wp-content\/uploads\/Planning-previsionnel-2025-2026.pdf\" target=\"_blank\"><span style=\"text-decoration: underline;\">planning pr\u00e9visionel<\/span><\/a><\/strong> et l\u00e0 <strong><a rel=\"noreferrer noopener\" href=\"http:\/\/www.soudesecoles-stegreve.fr\/Sou\/wp-content\/uploads\/Equivalence-Annee-de-naissanceCours.jpg\" data-type=\"URL\" data-id=\"http:\/\/www.soudesecoles-stegreve.fr\/Sou\/wp-content\/uploads\/Equivalence-Annee-de-naissanceCours.jpg\" target=\"_blank\"><span style=\"text-decoration: underline;\">les \u00e9quivalences \u00e2ge\/niveau<\/span><\/a><\/strong>, notamment pour les cours des plus jeunes.<\/p>\n\n\n\n<p>Reprise des cours de danse la <strong>semaine du 15 septembre<\/strong> !<\/p>\n\n\n\n<hr class=\"wp-block-separator\"\/>\n\n\n\n<h2>SECTION ECHECS : La Diagonale du Sou<\/h2>\n\n\n\n<p class=\"has-black-color has-text-color\">\u261b Lien d&rsquo;inscription : <\/p>\n\n\n\n<p class=\"has-vivid-green-cyan-color has-text-color\"><a rel=\"noreferrer noopener\" href=\"https:\/\/www.helloasso.com\/associations\/sou-des-ecoles-laiques-de-saint-egreve\/adhesions\/inscription-echecs-2025-2026\" target=\"_blank\"><strong>https:\/\/www.helloasso.com\/associations\/sou-des-ecoles-laiques-de-saint-egreve\/adhesions\/inscription-echecs-2025-2026<\/strong><\/a><\/p>\n\n\n\n<hr class=\"wp-block-separator\"\/>\n\n\n\n<h2>SECTION SKI &amp; SNOW : <\/h2>\n\n\n\n<p class=\"has-black-color has-text-color\"> \u261b <a rel=\"noreferrer noopener\" href=\"http:\/\/www.soudesecoles-stegreve.fr\/Sou\/wp-content\/uploads\/Consignes-aux-parents-2025-2026-.pdf\" data-type=\"URL\" data-id=\"http:\/\/www.soudesecoles-stegreve.fr\/Sou\/wp-content\/uploads\/Consignes-aux-parents-2025-2026-.pdf\" target=\"_blank\">Les consignes aux parents pour l&rsquo;ann\u00e9e 2025-2026 !<\/a><\/p>\n\n\n\n<p class=\"has-vivid-green-cyan-color has-text-color\"> <strong>\u261b <a href=\"http:\/\/www.soudesecoles-stegreve.fr\/Sou\/wp-content\/uploads\/FLYER-inscription-ski-et-snow_2025-26.pdf\" data-type=\"URL\" data-id=\"http:\/\/www.soudesecoles-stegreve.fr\/Sou\/wp-content\/uploads\/FLYER-inscription-ski-et-snow_2025-26.pdf\" target=\"_blank\" rel=\"noreferrer noopener\">Le flyer d&rsquo;inscription 2025-2026<\/a><\/strong><\/p>\n","protected":false},"excerpt":{"rendered":"<p>SECTION DANSE : Danse &amp; Vous \u261b Lien d&rsquo;inscription : https:\/\/forms.gle\/WnBMMVbtp2fTA3537 \u261b Lien HelloAsso pour le paiement : https:\/\/www.helloasso.com\/associations\/sou-des-ecoles-laiques-de-saint-egreve\/adhesions\/inscription-au-cours-danse-2025-2026 Ici, le planning pr\u00e9visionel et l\u00e0 les \u00e9quivalences \u00e2ge\/niveau, notamment pour les cours des plus jeunes. Reprise des cours de danse la semaine du 15 septembre ! SECTION ECHECS : La Diagonale du Sou \u261b Lien &hellip; <\/p>\n","protected":false},"author":1,"featured_media":0,"parent":0,"menu_order":0,"comment_status":"closed","ping_status":"closed","template":"","meta":[],"_links":{"self":[{"href":"http:\/\/www.soudesecoles-stegreve.fr\/Sou\/wp-json\/wp\/v2\/pages\/9513"}],"collection":[{"href":"http:\/\/www.soudesecoles-stegreve.fr\/Sou\/wp-json\/wp\/v2\/pages"}],"about":[{"href":"http:\/\/www.soudesecoles-stegreve.fr\/Sou\/wp-json\/wp\/v2\/types\/page"}],"author":[{"embeddable":true,"href":"http:\/\/www.soudesecoles-stegreve.fr\/Sou\/wp-json\/wp\/v2\/users\/1"}],"replies":[{"embeddable":true,"href":"http:\/\/www.soudesecoles-stegreve.fr\/Sou\/wp-json\/wp\/v2\/comments?post=9513"}],"version-history":[{"count":19,"href":"http:\/\/www.soudesecoles-stegreve.fr\/Sou\/wp-json\/wp\/v2\/pages\/9513\/revisions"}],"predecessor-version":[{"id":10335,"href":"http:\/\/www.soudesecoles-stegreve.fr\/Sou\/wp-json\/wp\/v2\/pages\/9513\/revisions\/10335"}],"wp:attachment":[{"href":"http:\/\/www.soudesecoles-stegreve.fr\/Sou\/wp-json\/wp\/v2\/media?parent=9513"}],"curies":[{"name":"wp","href":"https:\/\/api.w.org\/{rel}","templated":true}]}}