{"id":1241,"date":"2015-03-10T16:07:54","date_gmt":"2015-03-10T15:07:54","guid":{"rendered":"http:\/\/www.soudesecoles-stegreve.fr\/Sou\/?page_id=1241"},"modified":"2025-05-13T17:23:35","modified_gmt":"2025-05-13T16:23:35","slug":"contact","status":"publish","type":"page","link":"http:\/\/www.soudesecoles-stegreve.fr\/Sou\/contact\/","title":{"rendered":"Contactez-nous !"},"content":{"rendered":"\n<h3 class=\"has-text-color\" style=\"color:#00c4ad\">\ud83c\udfdf\ufe0f Sou des Ecoles La\u00efques de Saint-Egr\u00e8ve<\/h3>\n\n\n\n<p>1 rue Casimir Brenier, 38120 Saint-Egr\u00e8ve<\/p>\n\n\n\n<p>Pr\u00e9sident : Patrick RAFFIN &#8211;&nbsp;<a href=\"mailto:president@soudesecoles-stegreve.fr\">president@soudesecoles-stegreve.fr<\/a> &#8211; 06 88 33 98 07<\/p>\n\n\n\n<hr class=\"wp-block-separator\"\/>\n\n\n\n<h3 class=\"has-text-color\" style=\"color:#00c4ad\">\ud83d\udc83 Section Danse : Danse &amp; Vous<\/h3>\n\n\n\n<p>Eva MARDAYE-PACHONSKI &#8211;&nbsp;<a href=\"mailto:danse@soudesecoles-stegreve.fr\">danse@soudesecoles-stegreve.fr<\/a> &#8211; 06 35 21 60 29<\/p>\n\n\n\n<hr class=\"wp-block-separator\"\/>\n\n\n\n<h3 class=\"has-text-color\" style=\"color:#00c4ad\">\u265f\ufe0f Section Echecs : La diagonale du Sou<\/h3>\n\n\n\n<p>Blandine KIMMEL &#8211;\u00a0<a href=\"mailto:stegreve.echecs@gmail.com\">stegreve.echecs@gmail.com<\/a> &#8211;\u00a006 07 73 97 17<\/p>\n\n\n\n<hr class=\"wp-block-separator\"\/>\n\n\n\n<h3 class=\"has-text-color\" style=\"color:#00c4ad\">\u26f7\ufe0f Section Ski &amp; Snow<\/h3>\n\n\n\n<p><a href=\"mailto:ski@soudesecoles-stegreve.fr\">ski@soudesecoles-stegreve.fr<\/a><\/p>\n\n\n\n<p>Sylvain &#8211; 06 61 36 34 50<\/p>\n\n\n\n<p>Sabah &#8211;&nbsp;06 28 20 87 77<\/p>\n","protected":false},"excerpt":{"rendered":"<p>\ud83c\udfdf\ufe0f Sou des Ecoles La\u00efques de Saint-Egr\u00e8ve 1 rue Casimir Brenier, 38120 Saint-Egr\u00e8ve Pr\u00e9sident : Patrick RAFFIN &#8211;&nbsp;president@soudesecoles-stegreve.fr &#8211; 06 88 33 98 07 \ud83d\udc83 Section Danse : Danse &amp; Vous Eva MARDAYE-PACHONSKI &#8211;&nbsp;danse@soudesecoles-stegreve.fr &#8211; 06 35 21 60 29 \u265f\ufe0f Section Echecs : La diagonale du Sou Blandine KIMMEL &#8211;\u00a0stegreve.echecs@gmail.com &#8211;\u00a006 07 73 97 &hellip; <\/p>\n","protected":false},"author":1,"featured_media":0,"parent":0,"menu_order":6,"comment_status":"closed","ping_status":"open","template":"","meta":[],"_links":{"self":[{"href":"http:\/\/www.soudesecoles-stegreve.fr\/Sou\/wp-json\/wp\/v2\/pages\/1241"}],"collection":[{"href":"http:\/\/www.soudesecoles-stegreve.fr\/Sou\/wp-json\/wp\/v2\/pages"}],"about":[{"href":"http:\/\/www.soudesecoles-stegreve.fr\/Sou\/wp-json\/wp\/v2\/types\/page"}],"author":[{"embeddable":true,"href":"http:\/\/www.soudesecoles-stegreve.fr\/Sou\/wp-json\/wp\/v2\/users\/1"}],"replies":[{"embeddable":true,"href":"http:\/\/www.soudesecoles-stegreve.fr\/Sou\/wp-json\/wp\/v2\/comments?post=1241"}],"version-history":[{"count":15,"href":"http:\/\/www.soudesecoles-stegreve.fr\/Sou\/wp-json\/wp\/v2\/pages\/1241\/revisions"}],"predecessor-version":[{"id":10268,"href":"http:\/\/www.soudesecoles-stegreve.fr\/Sou\/wp-json\/wp\/v2\/pages\/1241\/revisions\/10268"}],"wp:attachment":[{"href":"http:\/\/www.soudesecoles-stegreve.fr\/Sou\/wp-json\/wp\/v2\/media?parent=1241"}],"curies":[{"name":"wp","href":"https:\/\/api.w.org\/{rel}","templated":true}]}}