{"id":12,"date":"2014-05-14T15:34:43","date_gmt":"2014-05-14T14:34:43","guid":{"rendered":"http:\/\/www.soudesecoles-stegreve.fr\/Test\/?page_id=12"},"modified":"2024-07-26T17:20:55","modified_gmt":"2024-07-26T16:20:55","slug":"nos-activites","status":"publish","type":"page","link":"http:\/\/www.soudesecoles-stegreve.fr\/Sou\/nos-activites\/","title":{"rendered":"NOS ACTIVITES"},"content":{"rendered":"\n<p class=\"has-black-color has-text-color\"><strong>DANSE &amp; VOUS<\/strong> propose des cours :<\/p>\n\n\n\n<ul><li>Modern&rsquo;Jazz<\/li><li>Classique<\/li><li>Contemporain<\/li><li>Danse africaine<\/li><li>Pilates<\/li><\/ul>\n\n\n\n<p><a href=\"https:\/\/www.soudesecoles-stegreve.fr\/Sou\/section-danse-danse-et-vous\/\" target=\"_blank\" rel=\"noreferrer noopener\">Plus d&rsquo;infos ici<\/a><\/p>\n\n\n\n<hr class=\"wp-block-separator\"\/>\n\n\n\n<p><strong>LA DIAGONALE DU SOU<\/strong> vous propose des cours d&rsquo;\u00e9checs, <a href=\"https:\/\/www.soudesecoles-stegreve.fr\/Sou\/section-echecs-la-diagonale-du-sou\/\" target=\"_blank\" rel=\"noreferrer noopener\">c&rsquo;est ici pour tout savoir.<\/a><\/p>\n\n\n\n<hr class=\"wp-block-separator\"\/>\n\n\n\n<p>La section <strong>SKI &amp; SNOW <\/strong>propose des cours de ski en hiver, et de surf en \u00e9t\u00e9 ; <a rel=\"noreferrer noopener\" href=\"https:\/\/www.soudesecoles-stegreve.fr\/Sou\/section-ski-surf\/\" target=\"_blank\">cliquez ici pour en savoir plus.<\/a><\/p>\n","protected":false},"excerpt":{"rendered":"<p>DANSE &amp; VOUS propose des cours : Modern&rsquo;Jazz Classique Contemporain Danse africaine Pilates Plus d&rsquo;infos ici LA DIAGONALE DU SOU vous propose des cours d&rsquo;\u00e9checs, c&rsquo;est ici pour tout savoir. La section SKI &amp; SNOW propose des cours de ski en hiver, et de surf en \u00e9t\u00e9 ; cliquez ici pour en savoir plus.<\/p>\n","protected":false},"author":1,"featured_media":0,"parent":0,"menu_order":2,"comment_status":"closed","ping_status":"closed","template":"","meta":[],"_links":{"self":[{"href":"http:\/\/www.soudesecoles-stegreve.fr\/Sou\/wp-json\/wp\/v2\/pages\/12"}],"collection":[{"href":"http:\/\/www.soudesecoles-stegreve.fr\/Sou\/wp-json\/wp\/v2\/pages"}],"about":[{"href":"http:\/\/www.soudesecoles-stegreve.fr\/Sou\/wp-json\/wp\/v2\/types\/page"}],"author":[{"embeddable":true,"href":"http:\/\/www.soudesecoles-stegreve.fr\/Sou\/wp-json\/wp\/v2\/users\/1"}],"replies":[{"embeddable":true,"href":"http:\/\/www.soudesecoles-stegreve.fr\/Sou\/wp-json\/wp\/v2\/comments?post=12"}],"version-history":[{"count":67,"href":"http:\/\/www.soudesecoles-stegreve.fr\/Sou\/wp-json\/wp\/v2\/pages\/12\/revisions"}],"predecessor-version":[{"id":10224,"href":"http:\/\/www.soudesecoles-stegreve.fr\/Sou\/wp-json\/wp\/v2\/pages\/12\/revisions\/10224"}],"wp:attachment":[{"href":"http:\/\/www.soudesecoles-stegreve.fr\/Sou\/wp-json\/wp\/v2\/media?parent=12"}],"curies":[{"name":"wp","href":"https:\/\/api.w.org\/{rel}","templated":true}]}}