{"id":10001,"date":"2023-08-31T19:18:10","date_gmt":"2023-08-31T18:18:10","guid":{"rendered":"https:\/\/www.soudesecoles-stegreve.fr\/Sou\/?page_id=10001"},"modified":"2025-11-03T17:46:41","modified_gmt":"2025-11-03T16:46:41","slug":"section-ski-surf","status":"publish","type":"page","link":"http:\/\/www.soudesecoles-stegreve.fr\/Sou\/section-ski-surf\/","title":{"rendered":"SECTION SKI &#038; SNOW"},"content":{"rendered":"\n<p>Un apr\u00e8s-midi au grand air, dans un d\u00e9cor agr\u00e9able, avec des copains !<\/p>\n\n\n\n<p>Chaque samedi apr\u00e8s-midi, de janvier \u00e0 mars, nous encadrons les enfants du niveau \u00ab\u00a0d\u00e9butant\u00a0\u00bb au niveau \u00ab\u00a0fl\u00e8che\u00a0\u00bb, dans une station proche de l&rsquo;agglom\u00e9ration.<\/p>\n\n\n\n<div class=\"wp-block-cover aligncenter has-background-dim\" style=\"min-height:495px\"><img loading=\"lazy\" width=\"1024\" height=\"769\" class=\"wp-block-cover__image-background wp-image-10215\" alt=\"\" src=\"http:\/\/www.soudesecoles-stegreve.fr\/Sou\/wp-content\/uploads\/7-laux-2-1024x769.jpg\" data-object-fit=\"cover\" srcset=\"http:\/\/www.soudesecoles-stegreve.fr\/Sou\/wp-content\/uploads\/7-laux-2-1024x769.jpg 1024w, http:\/\/www.soudesecoles-stegreve.fr\/Sou\/wp-content\/uploads\/7-laux-2-300x225.jpg 300w, http:\/\/www.soudesecoles-stegreve.fr\/Sou\/wp-content\/uploads\/7-laux-2-768x576.jpg 768w, http:\/\/www.soudesecoles-stegreve.fr\/Sou\/wp-content\/uploads\/7-laux-2-1536x1153.jpg 1536w, http:\/\/www.soudesecoles-stegreve.fr\/Sou\/wp-content\/uploads\/7-laux-2-80x60.jpg 80w, http:\/\/www.soudesecoles-stegreve.fr\/Sou\/wp-content\/uploads\/7-laux-2.jpg 2000w\" sizes=\"(max-width: 1024px) 100vw, 1024px\" \/><div class=\"wp-block-cover__inner-container\">\n<p class=\"has-large-font-size\"><\/p>\n<\/div><\/div>\n\n\n\n<ul><li>Nous accueillons les enfants \u00e0 partir de 7 ans.<\/li><li>Les surfeurs sont aussi les bienvenus.<\/li><li>9 sorties chaque samedi apr\u00e8s-midi de 12h \u00e0 18h30.<\/li><li>Prix total estim\u00e9 \u00e0 environ 320\u20ac.<\/li><\/ul>\n\n\n\n<p>Pour toutes inscriptions ou prise de renseignements, nous aurons le plaisir de vous retrouver le <strong>vendredi 22 novembre<\/strong> 2024 de <strong>18h00 \u00e0 20h00<\/strong> \u00e0 la <strong>Salle Beethoven<\/strong> (en face de la biblioth\u00e8que Barnave)<\/p>\n\n\n\n<p class=\"has-vivid-green-cyan-color has-text-color\"><a rel=\"noreferrer noopener\" href=\"http:\/\/www.soudesecoles-stegreve.fr\/Sou\/wp-content\/uploads\/Consignes-aux-parents-2025-2026-.pdf\" data-type=\"URL\" data-id=\"http:\/\/www.soudesecoles-stegreve.fr\/Sou\/wp-content\/uploads\/Consignes-aux-parents-2025-2026-.pdf\" target=\"_blank\"> \u261b Les consignes aux parents pour l&rsquo;ann\u00e9e 2025-2026 ! <\/a><\/p>\n\n\n\n<p class=\"has-vivid-green-cyan-color has-text-color\"><a href=\"http:\/\/www.soudesecoles-stegreve.fr\/Sou\/wp-content\/uploads\/FLYER-inscription-ski-et-snow_2025-26.pdf\" data-type=\"URL\" data-id=\"http:\/\/www.soudesecoles-stegreve.fr\/Sou\/wp-content\/uploads\/FLYER-inscription-ski-et-snow_2025-26.pdf\" target=\"_blank\" rel=\"noreferrer noopener\">  \u261b Le flyer d&rsquo;inscription 2025-2026 !<\/a><\/p>\n","protected":false},"excerpt":{"rendered":"<p>Un apr\u00e8s-midi au grand air, dans un d\u00e9cor agr\u00e9able, avec des copains ! Chaque samedi apr\u00e8s-midi, de janvier \u00e0 mars, nous encadrons les enfants du niveau \u00ab\u00a0d\u00e9butant\u00a0\u00bb au niveau \u00ab\u00a0fl\u00e8che\u00a0\u00bb, dans une station proche de l&rsquo;agglom\u00e9ration. Nous accueillons les enfants \u00e0 partir de 7 ans. Les surfeurs sont aussi les bienvenus. 9 sorties chaque samedi &hellip; <\/p>\n","protected":false},"author":1,"featured_media":0,"parent":0,"menu_order":0,"comment_status":"closed","ping_status":"closed","template":"","meta":[],"_links":{"self":[{"href":"http:\/\/www.soudesecoles-stegreve.fr\/Sou\/wp-json\/wp\/v2\/pages\/10001"}],"collection":[{"href":"http:\/\/www.soudesecoles-stegreve.fr\/Sou\/wp-json\/wp\/v2\/pages"}],"about":[{"href":"http:\/\/www.soudesecoles-stegreve.fr\/Sou\/wp-json\/wp\/v2\/types\/page"}],"author":[{"embeddable":true,"href":"http:\/\/www.soudesecoles-stegreve.fr\/Sou\/wp-json\/wp\/v2\/users\/1"}],"replies":[{"embeddable":true,"href":"http:\/\/www.soudesecoles-stegreve.fr\/Sou\/wp-json\/wp\/v2\/comments?post=10001"}],"version-history":[{"count":9,"href":"http:\/\/www.soudesecoles-stegreve.fr\/Sou\/wp-json\/wp\/v2\/pages\/10001\/revisions"}],"predecessor-version":[{"id":10337,"href":"http:\/\/www.soudesecoles-stegreve.fr\/Sou\/wp-json\/wp\/v2\/pages\/10001\/revisions\/10337"}],"wp:attachment":[{"href":"http:\/\/www.soudesecoles-stegreve.fr\/Sou\/wp-json\/wp\/v2\/media?parent=10001"}],"curies":[{"name":"wp","href":"https:\/\/api.w.org\/{rel}","templated":true}]}}